{"id":3008,"date":"2026-02-17T13:25:02","date_gmt":"2026-02-17T12:25:02","guid":{"rendered":"https:\/\/www.morganespolnik-osteo.com\/index.php\/a-propos\/"},"modified":"2026-03-22T14:33:33","modified_gmt":"2026-03-22T13:33:33","slug":"a-propos","status":"publish","type":"page","link":"https:\/\/www.morganespolnik-osteo.com\/index.php\/a-propos\/","title":{"rendered":"\u00c0 propos"},"content":{"rendered":"\n\n\n\n","protected":false},"excerpt":{"rendered":"","protected":false},"author":1,"featured_media":0,"parent":0,"menu_order":0,"comment_status":"closed","ping_status":"closed","template":"full-width","meta":{"saved_in_kubio":true,"footnotes":""},"class_list":["post-3008","page","type-page","status-publish","hentry"],"kubio_ai_page_context":{"short_desc":"","purpose":"general"},"jetpack_sharing_enabled":true,"jetpack_shortlink":"https:\/\/wp.me\/PaM4u6-Mw","jetpack-related-posts":[{"id":3042,"url":"https:\/\/www.morganespolnik-osteo.com\/index.php\/etirements-conseils\/","url_meta":{"origin":3008,"position":0},"title":"\u00c9tirements &#038; Conseils","author":"Morgane SPOLNIK","date":"17.02.2026","format":false,"excerpt":"Ces conseils ne remplacent pas une consultation\u202f; ILS PERMETTENT UN ACCOMPAGNEMENTarr\u00eatez si douleur ou \u00e9tourdissement LES \u00c9TIREMENTS R\u00e9aliser des s\u00e9ances d\u2019\u00e9tirement a pour but de prot\u00e9ger les articulations \u00e0 fortes contraintes.Sur l'aspect physiologique, la r\u00e9activit\u00e9 sera augment\u00e9e au niveau tendineux tandis que les\u00a0douleurs musculaires\u00a0diminueront. Sur l\u2019aspect de la performance, l\u2019int\u00e9r\u00eat\u2026","rel":"","context":"Article similaire","block_context":{"text":"Article similaire","link":""},"img":{"alt_text":"","src":"https:\/\/i0.wp.com\/www.morganespolnik-osteo.com\/wp-content\/uploads\/2019\/06\/xceinture-de-maintien-du-bassin-physiomat-confort.jpg.pagespeed.ic_.xxJkb7bHWS.jpg?resize=350%2C200","width":350,"height":200},"classes":[]},{"id":2930,"url":"https:\/\/www.morganespolnik-osteo.com\/","url_meta":{"origin":3008,"position":1},"title":"Accueil","author":"Morgane SPOLNIK","date":"17.02.2026","format":false,"excerpt":"Ost\u00e9opathe D.O. \u00e0 Bordeaux Femme, Adulte, Maternit\u00e9 & Nourrisson. Ost\u00e9opathe depuis 2017 et install\u00e9e \u00e0 Bordeaux, j'accompagne tous les \u00e2ges, du nourrisson \u00e0 la personne \u00e2g\u00e9e, en passant par la femme enceinte et le sportif, avec une ost\u00e9opathie pr\u00e9ventive et curative. Je m\u2019appuie sur la capacit\u00e9 du corps \u00e0 retrouver\u2026","rel":"","context":"Article similaire","block_context":{"text":"Article similaire","link":""},"img":{"alt_text":"","src":"","width":0,"height":0},"classes":[]},{"id":3017,"url":"https:\/\/www.morganespolnik-osteo.com\/index.php\/consultations\/","url_meta":{"origin":3008,"position":2},"title":"Consultations","author":"Morgane SPOLNIK","date":"17.02.2026","format":false,"excerpt":"Femme & gyn\u00e9cologie ENDOM\u00c9TRIOSE, DOULEURS PELVIENNES, CYCLES, POST\u2011PARTUM. Les variations hormonales, ant\u00e9c\u00e9dents gyn\u00e9cologiques, la grossesse ou le post\u2011partum peuvent g\u00e9n\u00e9rer tensions et douleurs. L\u2019ost\u00e9opathie, par un travail doux et pr\u00e9cis, aide \u00e0 am\u00e9liorer la mobilit\u00e9 tissulaire, diminuer la douleur et retrouver du confort au quotidien, en respectant chaque \u00e9tape de\u2026","rel":"","context":"Article similaire","block_context":{"text":"Article similaire","link":""},"img":{"alt_text":"","src":"","width":0,"height":0},"classes":[]},{"id":3031,"url":"https:\/\/www.morganespolnik-osteo.com\/index.php\/cabinets-tarifs-prise-de-rdv\/","url_meta":{"origin":3008,"position":3},"title":"Cabinets, Tarifs &#038; Prise de RDV","author":"Morgane SPOLNIK","date":"17.02.2026","format":false,"excerpt":"Deux adresses au centre de Bordeaux, un m\u00eame niveau d\u2019attention Cabinet Quinconces Adresse : 1\u202fRue d\u2019Enghien, 33000 Bordeaux Acc\u00e8s : Tram B\/C\/D - Quinconces, Tram C - Jardin Public, Bus 26\/29 - Enghien Jours : Lundi, Jeudi, Vendredi, Samedi Horaires du jour : 9h - 20h \ud83d\udcc5 Prendre RDV (Doctolib)\u2026","rel":"","context":"Article similaire","block_context":{"text":"Article similaire","link":""},"img":{"alt_text":"","src":"","width":0,"height":0},"classes":[]},{"id":3109,"url":"https:\/\/www.morganespolnik-osteo.com\/index.php\/mentions-legales\/","url_meta":{"origin":3008,"position":4},"title":"Mentions L\u00e9gales","author":"Morgane SPOLNIK","date":"17.02.2026","format":false,"excerpt":"MENTIONS L\u00c9GALESConform\u00e9ment aux dispositions de la loi n\u00b0 2004-575 du 21 juin 2004 pour la confiance en l'\u00e9conomie num\u00e9rique, il est pr\u00e9cis\u00e9 aux utilisateurs du site morganespolnik-osteo l'identit\u00e9 des diff\u00e9rents intervenants dans le cadre de sa r\u00e9alisation et de son suivi.Edition du site\u00a0Le pr\u00e9sent site, accessible \u00e0 l\u2019URL https:\/\/www.morganespolnik-osteo.com\/ (le\u2026","rel":"","context":"Article similaire","block_context":{"text":"Article similaire","link":""},"img":{"alt_text":"","src":"","width":0,"height":0},"classes":[]}],"jetpack_likes_enabled":false,"_links":{"self":[{"href":"https:\/\/www.morganespolnik-osteo.com\/index.php\/wp-json\/wp\/v2\/pages\/3008","targetHints":{"allow":["GET"]}}],"collection":[{"href":"https:\/\/www.morganespolnik-osteo.com\/index.php\/wp-json\/wp\/v2\/pages"}],"about":[{"href":"https:\/\/www.morganespolnik-osteo.com\/index.php\/wp-json\/wp\/v2\/types\/page"}],"author":[{"embeddable":true,"href":"https:\/\/www.morganespolnik-osteo.com\/index.php\/wp-json\/wp\/v2\/users\/1"}],"replies":[{"embeddable":true,"href":"https:\/\/www.morganespolnik-osteo.com\/index.php\/wp-json\/wp\/v2\/comments?post=3008"}],"version-history":[{"count":15,"href":"https:\/\/www.morganespolnik-osteo.com\/index.php\/wp-json\/wp\/v2\/pages\/3008\/revisions"}],"predecessor-version":[{"id":3194,"href":"https:\/\/www.morganespolnik-osteo.com\/index.php\/wp-json\/wp\/v2\/pages\/3008\/revisions\/3194"}],"wp:attachment":[{"href":"https:\/\/www.morganespolnik-osteo.com\/index.php\/wp-json\/wp\/v2\/media?parent=3008"}],"curies":[{"name":"wp","href":"https:\/\/api.w.org\/{rel}","templated":true}]}}