{"id":3017,"date":"2026-02-17T14:33:12","date_gmt":"2026-02-17T13:33:12","guid":{"rendered":"https:\/\/www.morganespolnik-osteo.com\/index.php\/consultations\/"},"modified":"2026-03-22T14:35:36","modified_gmt":"2026-03-22T13:35:36","slug":"consultations","status":"publish","type":"page","link":"https:\/\/www.morganespolnik-osteo.com\/index.php\/consultations\/","title":{"rendered":"Consultations"},"content":{"rendered":"\n\n\n\n\n\n\n\n","protected":false},"excerpt":{"rendered":"","protected":false},"author":1,"featured_media":0,"parent":0,"menu_order":0,"comment_status":"closed","ping_status":"closed","template":"full-width","meta":{"saved_in_kubio":true,"footnotes":""},"class_list":["post-3017","page","type-page","status-publish","hentry"],"kubio_ai_page_context":{"short_desc":"","purpose":"general"},"jetpack_sharing_enabled":true,"jetpack_shortlink":"https:\/\/wp.me\/PaM4u6-MF","jetpack-related-posts":[{"id":3031,"url":"https:\/\/www.morganespolnik-osteo.com\/index.php\/cabinets-tarifs-prise-de-rdv\/","url_meta":{"origin":3017,"position":0},"title":"Cabinets, Tarifs &#038; Prise de RDV","author":"Morgane SPOLNIK","date":"17.02.2026","format":false,"excerpt":"Deux adresses au centre de Bordeaux, un m\u00eame niveau d\u2019attention Cabinet Quinconces Adresse : 1\u202fRue d\u2019Enghien, 33000 Bordeaux Acc\u00e8s : Tram B\/C\/D - Quinconces, Tram C - Jardin Public, Bus 26\/29 - Enghien Jours : Lundi, Jeudi, Vendredi, Samedi Horaires du jour : 9h - 20h \ud83d\udcc5 Prendre RDV (Doctolib)\u2026","rel":"","context":"Article similaire","block_context":{"text":"Article similaire","link":""},"img":{"alt_text":"","src":"","width":0,"height":0},"classes":[]},{"id":3042,"url":"https:\/\/www.morganespolnik-osteo.com\/index.php\/etirements-conseils\/","url_meta":{"origin":3017,"position":1},"title":"\u00c9tirements &#038; Conseils","author":"Morgane SPOLNIK","date":"17.02.2026","format":false,"excerpt":"Ces conseils ne remplacent pas une consultation\u202f; ILS PERMETTENT UN ACCOMPAGNEMENTarr\u00eatez si douleur ou \u00e9tourdissement LES \u00c9TIREMENTS R\u00e9aliser des s\u00e9ances d\u2019\u00e9tirement a pour but de prot\u00e9ger les articulations \u00e0 fortes contraintes.Sur l'aspect physiologique, la r\u00e9activit\u00e9 sera augment\u00e9e au niveau tendineux tandis que les\u00a0douleurs musculaires\u00a0diminueront. Sur l\u2019aspect de la performance, l\u2019int\u00e9r\u00eat\u2026","rel":"","context":"Article similaire","block_context":{"text":"Article similaire","link":""},"img":{"alt_text":"","src":"https:\/\/i0.wp.com\/www.morganespolnik-osteo.com\/wp-content\/uploads\/2019\/06\/xceinture-de-maintien-du-bassin-physiomat-confort.jpg.pagespeed.ic_.xxJkb7bHWS.jpg?resize=350%2C200","width":350,"height":200},"classes":[]}],"jetpack_likes_enabled":false,"_links":{"self":[{"href":"https:\/\/www.morganespolnik-osteo.com\/index.php\/wp-json\/wp\/v2\/pages\/3017","targetHints":{"allow":["GET"]}}],"collection":[{"href":"https:\/\/www.morganespolnik-osteo.com\/index.php\/wp-json\/wp\/v2\/pages"}],"about":[{"href":"https:\/\/www.morganespolnik-osteo.com\/index.php\/wp-json\/wp\/v2\/types\/page"}],"author":[{"embeddable":true,"href":"https:\/\/www.morganespolnik-osteo.com\/index.php\/wp-json\/wp\/v2\/users\/1"}],"replies":[{"embeddable":true,"href":"https:\/\/www.morganespolnik-osteo.com\/index.php\/wp-json\/wp\/v2\/comments?post=3017"}],"version-history":[{"count":13,"href":"https:\/\/www.morganespolnik-osteo.com\/index.php\/wp-json\/wp\/v2\/pages\/3017\/revisions"}],"predecessor-version":[{"id":3195,"href":"https:\/\/www.morganespolnik-osteo.com\/index.php\/wp-json\/wp\/v2\/pages\/3017\/revisions\/3195"}],"wp:attachment":[{"href":"https:\/\/www.morganespolnik-osteo.com\/index.php\/wp-json\/wp\/v2\/media?parent=3017"}],"curies":[{"name":"wp","href":"https:\/\/api.w.org\/{rel}","templated":true}]}}