{"id":3042,"date":"2026-02-17T15:15:09","date_gmt":"2026-02-17T14:15:09","guid":{"rendered":"https:\/\/www.morganespolnik-osteo.com\/index.php\/etirements-conseils\/"},"modified":"2026-03-22T14:39:52","modified_gmt":"2026-03-22T13:39:52","slug":"etirements-conseils","status":"publish","type":"page","link":"https:\/\/www.morganespolnik-osteo.com\/index.php\/etirements-conseils\/","title":{"rendered":"\u00c9tirements &#038; Conseils"},"content":{"rendered":"\n\n\n\n\n\n","protected":false},"excerpt":{"rendered":"","protected":false},"author":1,"featured_media":0,"parent":0,"menu_order":0,"comment_status":"closed","ping_status":"closed","template":"full-width","meta":{"saved_in_kubio":true,"footnotes":""},"class_list":["post-3042","page","type-page","status-publish","hentry"],"kubio_ai_page_context":{"short_desc":"","purpose":"general"},"jetpack_sharing_enabled":true,"jetpack_shortlink":"https:\/\/wp.me\/PaM4u6-N4","jetpack-related-posts":[{"id":3017,"url":"https:\/\/www.morganespolnik-osteo.com\/index.php\/consultations\/","url_meta":{"origin":3042,"position":0},"title":"Consultations","author":"Morgane SPOLNIK","date":"17.02.2026","format":false,"excerpt":"Femme & gyn\u00e9cologie ENDOM\u00c9TRIOSE, DOULEURS PELVIENNES, CYCLES, POST\u2011PARTUM. Les variations hormonales, ant\u00e9c\u00e9dents gyn\u00e9cologiques, la grossesse ou le post\u2011partum peuvent g\u00e9n\u00e9rer tensions et douleurs. L\u2019ost\u00e9opathie, par un travail doux et pr\u00e9cis, aide \u00e0 am\u00e9liorer la mobilit\u00e9 tissulaire, diminuer la douleur et retrouver du confort au quotidien, en respectant chaque \u00e9tape de\u2026","rel":"","context":"Article similaire","block_context":{"text":"Article similaire","link":""},"img":{"alt_text":"","src":"","width":0,"height":0},"classes":[]}],"jetpack_likes_enabled":false,"_links":{"self":[{"href":"https:\/\/www.morganespolnik-osteo.com\/index.php\/wp-json\/wp\/v2\/pages\/3042","targetHints":{"allow":["GET"]}}],"collection":[{"href":"https:\/\/www.morganespolnik-osteo.com\/index.php\/wp-json\/wp\/v2\/pages"}],"about":[{"href":"https:\/\/www.morganespolnik-osteo.com\/index.php\/wp-json\/wp\/v2\/types\/page"}],"author":[{"embeddable":true,"href":"https:\/\/www.morganespolnik-osteo.com\/index.php\/wp-json\/wp\/v2\/users\/1"}],"replies":[{"embeddable":true,"href":"https:\/\/www.morganespolnik-osteo.com\/index.php\/wp-json\/wp\/v2\/comments?post=3042"}],"version-history":[{"count":13,"href":"https:\/\/www.morganespolnik-osteo.com\/index.php\/wp-json\/wp\/v2\/pages\/3042\/revisions"}],"predecessor-version":[{"id":3198,"href":"https:\/\/www.morganespolnik-osteo.com\/index.php\/wp-json\/wp\/v2\/pages\/3042\/revisions\/3198"}],"wp:attachment":[{"href":"https:\/\/www.morganespolnik-osteo.com\/index.php\/wp-json\/wp\/v2\/media?parent=3042"}],"curies":[{"name":"wp","href":"https:\/\/api.w.org\/{rel}","templated":true}]}}