{"id":3109,"date":"2026-02-17T22:40:11","date_gmt":"2026-02-17T21:40:11","guid":{"rendered":"https:\/\/www.morganespolnik-osteo.com\/index.php\/mentions-legales\/"},"modified":"2026-02-18T17:01:14","modified_gmt":"2026-02-18T16:01:14","slug":"mentions-legales","status":"publish","type":"page","link":"https:\/\/www.morganespolnik-osteo.com\/index.php\/mentions-legales\/","title":{"rendered":"Mentions L\u00e9gales"},"content":{"rendered":"","protected":false},"excerpt":{"rendered":"","protected":false},"author":1,"featured_media":0,"parent":0,"menu_order":0,"comment_status":"closed","ping_status":"closed","template":"full-width","meta":{"saved_in_kubio":true,"footnotes":""},"class_list":["post-3109","page","type-page","status-publish","hentry"],"kubio_ai_page_context":{"short_desc":"","purpose":"general"},"jetpack_sharing_enabled":true,"jetpack_shortlink":"https:\/\/wp.me\/PaM4u6-O9","jetpack-related-posts":[{"id":2930,"url":"https:\/\/www.morganespolnik-osteo.com\/","url_meta":{"origin":3109,"position":0},"title":"Accueil","author":"Morgane SPOLNIK","date":"17.02.2026","format":false,"excerpt":"Ost\u00e9opathe D.O. \u00e0 Bordeaux Femme, Adulte, Maternit\u00e9 & Nourrisson. Ost\u00e9opathe depuis 2017 et install\u00e9e \u00e0 Bordeaux, j'accompagne tous les \u00e2ges, du nourrisson \u00e0 la personne \u00e2g\u00e9e, en passant par la femme enceinte et le sportif, avec une ost\u00e9opathie pr\u00e9ventive et curative. Je m\u2019appuie sur la capacit\u00e9 du corps \u00e0 retrouver\u2026","rel":"","context":"Article similaire","block_context":{"text":"Article similaire","link":""},"img":{"alt_text":"","src":"","width":0,"height":0},"classes":[]},{"id":3008,"url":"https:\/\/www.morganespolnik-osteo.com\/index.php\/a-propos\/","url_meta":{"origin":3109,"position":1},"title":"\u00c0 propos","author":"Morgane SPOLNIK","date":"17.02.2026","format":false,"excerpt":"Morgane Spolnik Ost\u00e9opathe D.O. \u00e0 Bordeaux Une pratique engag\u00e9e, au croisement du soin, de l\u2019\u00e9vidence clinique et de l\u2019\u00e9coute. Ost\u00e9opathe depuis 2017, j\u2019ai rejoint Bordeaux pour conjuguer qualit\u00e9 de vie et qualit\u00e9 de soin. Mon approche est globale : le corps garde m\u00e9moire des contraintes physiques comme psychiques\u202f; le soin\u2026","rel":"","context":"Article similaire","block_context":{"text":"Article similaire","link":""},"img":{"alt_text":"","src":"","width":0,"height":0},"classes":[]},{"id":3042,"url":"https:\/\/www.morganespolnik-osteo.com\/index.php\/etirements-conseils\/","url_meta":{"origin":3109,"position":2},"title":"\u00c9tirements &#038; Conseils","author":"Morgane SPOLNIK","date":"17.02.2026","format":false,"excerpt":"Ces conseils ne remplacent pas une consultation\u202f; ILS PERMETTENT UN ACCOMPAGNEMENTarr\u00eatez si douleur ou \u00e9tourdissement LES \u00c9TIREMENTS R\u00e9aliser des s\u00e9ances d\u2019\u00e9tirement a pour but de prot\u00e9ger les articulations \u00e0 fortes contraintes.Sur l'aspect physiologique, la r\u00e9activit\u00e9 sera augment\u00e9e au niveau tendineux tandis que les\u00a0douleurs musculaires\u00a0diminueront. Sur l\u2019aspect de la performance, l\u2019int\u00e9r\u00eat\u2026","rel":"","context":"Article similaire","block_context":{"text":"Article similaire","link":""},"img":{"alt_text":"","src":"https:\/\/i0.wp.com\/www.morganespolnik-osteo.com\/wp-content\/uploads\/2019\/06\/xceinture-de-maintien-du-bassin-physiomat-confort.jpg.pagespeed.ic_.xxJkb7bHWS.jpg?resize=350%2C200","width":350,"height":200},"classes":[]}],"jetpack_likes_enabled":false,"_links":{"self":[{"href":"https:\/\/www.morganespolnik-osteo.com\/index.php\/wp-json\/wp\/v2\/pages\/3109","targetHints":{"allow":["GET"]}}],"collection":[{"href":"https:\/\/www.morganespolnik-osteo.com\/index.php\/wp-json\/wp\/v2\/pages"}],"about":[{"href":"https:\/\/www.morganespolnik-osteo.com\/index.php\/wp-json\/wp\/v2\/types\/page"}],"author":[{"embeddable":true,"href":"https:\/\/www.morganespolnik-osteo.com\/index.php\/wp-json\/wp\/v2\/users\/1"}],"replies":[{"embeddable":true,"href":"https:\/\/www.morganespolnik-osteo.com\/index.php\/wp-json\/wp\/v2\/comments?post=3109"}],"version-history":[{"count":4,"href":"https:\/\/www.morganespolnik-osteo.com\/index.php\/wp-json\/wp\/v2\/pages\/3109\/revisions"}],"predecessor-version":[{"id":3133,"href":"https:\/\/www.morganespolnik-osteo.com\/index.php\/wp-json\/wp\/v2\/pages\/3109\/revisions\/3133"}],"wp:attachment":[{"href":"https:\/\/www.morganespolnik-osteo.com\/index.php\/wp-json\/wp\/v2\/media?parent=3109"}],"curies":[{"name":"wp","href":"https:\/\/api.w.org\/{rel}","templated":true}]}}